{"id":5064,"date":"2025-12-18T16:35:54","date_gmt":"2025-12-18T19:35:54","guid":{"rendered":"https:\/\/ens9006-infd.mendoza.edu.ar\/sitio\/?page_id=5064"},"modified":"2025-12-18T16:35:56","modified_gmt":"2025-12-18T19:35:56","slug":"actividades","status":"publish","type":"page","link":"https:\/\/ens9006-infd.mendoza.edu.ar\/sitio\/actividades\/","title":{"rendered":"Actividades"},"content":{"rendered":"\n<h2 class=\"wp-block-heading\"><strong>Actividades destacadas 2024<\/strong><\/h2>\n\n\n\n<figure class=\"wp-block-embed is-type-rich is-provider-gestor-del-servicio wp-block-embed-gestor-del-servicio wp-embed-aspect-16-9 wp-has-aspect-ratio\"><div class=\"wp-block-embed__wrapper\">\n<iframe loading=\"lazy\" title=\"Actividades ISFDyT 9006 2024\" width=\"1200\" height=\"675\" src=\"https:\/\/www.youtube.com\/embed\/7hZL0ot3Nzs?feature=oembed\" frameborder=\"0\" allow=\"accelerometer; autoplay; clipboard-write; encrypted-media; gyroscope; picture-in-picture; web-share\" referrerpolicy=\"strict-origin-when-cross-origin\" allowfullscreen><\/iframe>\n<\/div><\/figure>\n\n\n\n<h2 class=\"wp-block-heading\">Actividades destacadas 2023<\/h2>\n\n\n<div id=\"metaslider-id-2991\" style=\"width: 100%; margin: 0 auto;\" class=\"ml-slider-3-33-0 metaslider metaslider-flex metaslider-2991 ml-slider ms-theme-nivo-light has-carousel-mode has-dots-nav\" role=\"region\" aria-roledescription=\"Slideshow\" aria-label=\"Slideshow\">\n    <div id=\"metaslider_container_2991\">\n        <div id=\"metaslider_2991\" class=\"flexslider\">\n            <ul aria-live=\"polite\" class=\"slides\">\n                <li style=\"display: none; width: 100%;\" class=\"slide-3004 ms-image\" aria-roledescription=\"slide\" aria-label=\"slide-3004\"><a href=\"https:\/\/ens9006-infd.mendoza.edu.ar\/sitio\/ciclo-de-conversatorios-sobre-la-ensenanza-conformado-comunidades-de-aprendizaje-capaces-de-nutrir-recorridos-formativos\/\" target=\"_self\"><img src=\"https:\/\/ens9006-infd.mendoza.edu.ar\/sitio\/wp-content\/uploads\/2023\/06\/Conversatorios-9006-INICIAL-400x200.jpg\" height=\"200\" width=\"400\" alt=\"\" class=\"slider-2991 slide-3004\" title=\"Conversatorios-9006-INICIAL\" \/><\/a><div class=\"caption-wrap\"><div class=\"caption\">Ciclo de Conversatorios sobre la Ense\u00f1anza \u00abConformado Comunidades de Aprendizaje capaces de nutrir recorridos formativos\u00bb<\/div><\/div><\/li>\n                <li style=\"display: none; width: 100%;\" class=\"slide-2996 ms-image\" aria-roledescription=\"slide\" aria-label=\"slide-2996\"><a href=\"https:\/\/ens9006-infd.mendoza.edu.ar\/sitio\/viii-congreso-regional-de-educacion-tecnico-profesional-y-v-congreso-regional-de-educacion-y-formacion-docente\/\" target=\"_self\"><img src=\"https:\/\/ens9006-infd.mendoza.edu.ar\/sitio\/wp-content\/uploads\/2023\/11\/congreso-rivadavia-2-400x200.jpg\" height=\"200\" width=\"400\" alt=\"\" class=\"slider-2991 slide-2996\" title=\"congreso-rivadavia-2\" \/><\/a><div class=\"caption-wrap\"><div class=\"caption\">VIII Congreso Regional de Educaci\u00f3n T\u00e9cnico Profesional y V Congreso Regional de Educaci\u00f3n y Formaci\u00f3n Docente<\/div><\/div><\/li>\n                <li style=\"display: none; width: 100%;\" class=\"slide-2993 ms-image\" aria-roledescription=\"slide\" aria-label=\"slide-2993\"><a href=\"https:\/\/ens9006-infd.mendoza.edu.ar\/sitio\/llega-la-edicion-cientifico-por-un-dia-2023\/\" target=\"_self\"><img src=\"https:\/\/ens9006-infd.mendoza.edu.ar\/sitio\/wp-content\/uploads\/2023\/10\/CIENTIFICO-X-DIA-2023_6-400x200.jpg\" height=\"200\" width=\"400\" alt=\"\" class=\"slider-2991 slide-2993\" title=\"CIENTIFICO-X-DIA-2023_6\" \/><\/a><div class=\"caption-wrap\"><div class=\"caption\">Cient\u00edfico por un d\u00eda<\/div><\/div><\/li>\n                <li style=\"display: none; width: 100%;\" class=\"slide-2994 ms-image\" aria-roledescription=\"slide\" aria-label=\"slide-2994\"><a href=\"https:\/\/ens9006-infd.mendoza.edu.ar\/sitio\/semana-del-arte\/\" target=\"_self\"><img src=\"https:\/\/ens9006-infd.mendoza.edu.ar\/sitio\/wp-content\/uploads\/2023\/10\/mural-40-400x200.jpeg\" height=\"200\" width=\"400\" alt=\"\" class=\"slider-2991 slide-2994\" title=\"mural-40\" \/><\/a><div class=\"caption-wrap\"><div class=\"caption\">Semana del Arte<\/div><\/div><\/li>\n                <li style=\"display: none; width: 100%;\" class=\"slide-3090 ms-image\" aria-roledescription=\"slide\" aria-label=\"slide-3090\"><a href=\"https:\/\/ens9006-infd.mendoza.edu.ar\/sitio\/observacion-guiada-del-eclipse-solar-anular\/\" target=\"_self\"><img src=\"https:\/\/ens9006-infd.mendoza.edu.ar\/sitio\/wp-content\/uploads\/2023\/11\/Eclipse-solar-anular-2023-400x200.jpg\" height=\"200\" width=\"400\" alt=\"\" class=\"slider-2991 slide-3090\" title=\"Eclipse solar anular-2023\" \/><\/a><div class=\"caption-wrap\"><div class=\"caption\">Observaci\u00f3n guiada del Eclipse solar anular<\/div><\/div><\/li>\n                <li style=\"display: none; width: 100%;\" class=\"slide-3007 ms-image\" aria-roledescription=\"slide\" aria-label=\"slide-3007\"><a href=\"https:\/\/ens9006-infd.mendoza.edu.ar\/sitio\/el-ies-n-9-006-apuesta-por-el-fortalecimiento-de-la-formacion-docente-inicial-a-traves-de-proyectos-interinstitucionales-y-territoriales\/\" target=\"_self\"><img src=\"https:\/\/ens9006-infd.mendoza.edu.ar\/sitio\/wp-content\/uploads\/2023\/11\/Posadas-ies-9006-rivadavia-4-400x200.jpg\" height=\"200\" width=\"400\" alt=\"\" class=\"slider-2991 slide-3007\" title=\"Posadas-ies-9006-rivadavia-4\" \/><\/a><div class=\"caption-wrap\"><div class=\"caption\">Proyectos interinstitucionales y territoriales<\/div><\/div><\/li>\n                <li style=\"display: none; width: 100%;\" class=\"slide-3118 ms-image\" aria-roledescription=\"slide\" aria-label=\"slide-3118\"><a href=\"https:\/\/ens9006-infd.mendoza.edu.ar\/sitio\/xl-jornadas-de-practica-profesional-y-residencia-docente\/\" target=\"_self\"><img src=\"https:\/\/ens9006-infd.mendoza.edu.ar\/sitio\/wp-content\/uploads\/2023\/12\/jornadas-prof-docente-2023-400x200.png\" height=\"200\" width=\"400\" alt=\"\" class=\"slider-2991 slide-3118\" title=\"jornadas-prof-docente-2023\" \/><\/a><div class=\"caption-wrap\"><div class=\"caption\">Xl Jornadas de Pr\u00e1ctica Profesional y Residencia Docente<\/div><\/div><\/li>\n            <\/ul>\n        <\/div>\n        \n    <\/div>\n<\/div>\n","protected":false},"excerpt":{"rendered":"<p>Actividades destacadas 2024 Actividades destacadas 2023<\/p>\n","protected":false},"author":1065,"featured_media":0,"parent":0,"menu_order":0,"comment_status":"closed","ping_status":"closed","template":"","meta":[],"acf":[],"_links":{"self":[{"href":"https:\/\/ens9006-infd.mendoza.edu.ar\/sitio\/wp-json\/wp\/v2\/pages\/5064"}],"collection":[{"href":"https:\/\/ens9006-infd.mendoza.edu.ar\/sitio\/wp-json\/wp\/v2\/pages"}],"about":[{"href":"https:\/\/ens9006-infd.mendoza.edu.ar\/sitio\/wp-json\/wp\/v2\/types\/page"}],"author":[{"embeddable":true,"href":"https:\/\/ens9006-infd.mendoza.edu.ar\/sitio\/wp-json\/wp\/v2\/users\/1065"}],"replies":[{"embeddable":true,"href":"https:\/\/ens9006-infd.mendoza.edu.ar\/sitio\/wp-json\/wp\/v2\/comments?post=5064"}],"version-history":[{"count":1,"href":"https:\/\/ens9006-infd.mendoza.edu.ar\/sitio\/wp-json\/wp\/v2\/pages\/5064\/revisions"}],"predecessor-version":[{"id":5066,"href":"https:\/\/ens9006-infd.mendoza.edu.ar\/sitio\/wp-json\/wp\/v2\/pages\/5064\/revisions\/5066"}],"wp:attachment":[{"href":"https:\/\/ens9006-infd.mendoza.edu.ar\/sitio\/wp-json\/wp\/v2\/media?parent=5064"}],"curies":[{"name":"wp","href":"https:\/\/api.w.org\/{rel}","templated":true}]}}