{"id":905,"date":"2018-08-30T19:46:57","date_gmt":"2018-08-30T22:46:57","guid":{"rendered":"https:\/\/ens9006-mza.infd.edu.ar\/sitio\/investigacion\/"},"modified":"2023-11-16T10:26:51","modified_gmt":"2023-11-16T13:26:51","slug":"investigacion","status":"publish","type":"page","link":"https:\/\/ens9006-infd.mendoza.edu.ar\/sitio\/investigacion\/","title":{"rendered":"Jefatura de Investigaci\u00f3n"},"content":{"rendered":"<h1 style=\"text-align: right;\"><span style=\"font-family: Verdana, Arial, Helvetica, sans-serif; font-size: 12pt;\"><strong>&nbsp;<img decoding=\"async\" loading=\"lazy\" class=\"wp-image-2461 alignright\" src=\"https:\/\/ens9006-infd.mendoza.edu.ar\/sitio\/wp-content\/uploads\/2022\/10\/Yanina-Boiteux.jpg\" alt=\"\" width=\"150\" height=\"133\"><\/strong><\/span><\/h1>\n<p style=\"text-align: right;\">Profesora Yanina Boiteux<br><strong><em>Jefa de Investigaci\u00f3n<\/em><\/strong><\/p>\n<blockquote>\n<p><span style=\"font-weight: 400;\">La Resoluci\u00f3n N\u00b0 23\/07 CFE establece la necesidad de promover la investigaci\u00f3n y experimentaci\u00f3n pedag\u00f3gica para el mejoramiento de las pr\u00e1cticas docentes.&nbsp; Siendo un objetivo de la CGES potenciar la investigaci\u00f3n y la producci\u00f3n de conocimiento.<\/span><\/p>\n<\/blockquote>\n<p><span style=\"font-weight: 400;\">Seg\u00fan la Resoluci\u00f3n N\u00b0 23\/07 CFE, art\u00edculo 2do, se determina que la investigaci\u00f3n educativa debe estar orientada a las necesidades del sistema obligatorio de ense\u00f1anza seg\u00fan los lineamientos pol\u00edticos educativos, en funci\u00f3n de las prioridades establecidas por la jurisdicci\u00f3n.<\/span><\/p>\n<p><span style=\"font-weight: 400;\">Seg\u00fan los lineamientos jurisdiccionales, la investigaci\u00f3n de los Institutos de Educaci\u00f3n Superior de Mendoza debe ser una actividad a) colectiva, es decir, realizada por grupos, ya que de esta manera se consolidan los proceso y se logran transferencias internas que fortalecen la funci\u00f3n a nivel institucional; b) subsidiaria, ya que sus conclusiones deben aportar elementos para la toma de decisiones; y c) articulada con otras \u00e1reas y funciones del nivel (horizontal) y con otras instituciones del Sistema Educativo (transversal).<\/span><\/p>\n<p><span style=\"font-weight: 400;\">La incorporaci\u00f3n de la investigaci\u00f3n permite generar instancias de producci\u00f3n de conocimiento sobre problem\u00e1ticas espec\u00edficas del campo de la formaci\u00f3n docente desde perspectivas que, en general, no son abordadas por las investigaciones que se producen en el campo acad\u00e9mico tradicional.<\/span><\/p>\n<p><span style=\"font-weight: 400;\">Todo proceso de investigaci\u00f3n educativa necesita de una pr\u00e1ctica reflexiva que posibilita la problematizaci\u00f3n de la realidad educativa, dando origen a la formulaci\u00f3n de posibles proyectos de investigaci\u00f3n.<\/span><\/p>\n<h4><b>OBJETIVOS<\/b><\/h4>\n<ul>\n<li><span style=\"font-weight: 400;\">Promover la investigaci\u00f3n educativa en todos los actores de la Instituci\u00f3n.&nbsp;<\/span><\/li>\n<li><span style=\"font-weight: 400;\">Promover la formaci\u00f3n de equipos interdisciplinarios de investigaci\u00f3n, e incentivar y fortalecer la formaci\u00f3n de grupos de innovaci\u00f3n e investigaci\u00f3n.<\/span><\/li>\n<li><span style=\"font-weight: 400;\">Estimular el desarrollo de trabajos de investigaci\u00f3n que aborden problem\u00e1ticas propias de nuestra instituci\u00f3n y de la regi\u00f3n, con el objeto de incidir significativamente en las pr\u00e1cticas y en la comunidad.&nbsp;<\/span><\/li>\n<li><span style=\"font-weight: 400;\">Desarrollar y afianzar espacios para la&nbsp; &nbsp;visibilidad de los resultados de la investigaci\u00f3n, mediante pol\u00edticas claras y procedimientos \u00e1giles que favorezcan el desarrollo de la investigaci\u00f3n.<\/span><\/li>\n<li><span style=\"font-weight: 400;\">Investigar y analizar las pr\u00e1cticas docentes actuales, para generar nuevas metodolog\u00edas de trabajo, generando instancias de producci\u00f3n de conocimiento sobre problem\u00e1ticas espec\u00edficas de la formaci\u00f3n docente.<\/span><\/li>\n<li><span style=\"font-weight: 400;\">Contribuir a la diseminaci\u00f3n de los resultados de las investigaciones a la comunidad mediante acciones de difusi\u00f3n, extensi\u00f3n, asesoramiento y servicios.<\/span><\/li>\n<\/ul>\n<h4><span style=\"font-family: Verdana,Arial,Helvetica,sans-serif; font-size: x-small;\">&nbsp;<\/span><b>L\u00cdNEAS DE ACCI\u00d3N&nbsp;<\/b><\/h4>\n<ul>\n<li><span style=\"font-weight: 400;\">Trabajo articulado con el Consejo Provincial de Investigaci\u00f3n, como \u00f3rgano que direcciona la pol\u00edtica de investigaci\u00f3n provincial.<\/span><\/li>\n<li><span style=\"font-weight: 400;\">Coordinar y asesorar las investigaciones que se llevan a cabo en la instituci\u00f3n, las cuales hayan sido aprobadas previamente por el Consejo Acad\u00e9mico.&nbsp;<\/span><\/li>\n<li><span style=\"font-weight: 400;\">Promover el intercambio y divulgaci\u00f3n de los trabajos de investigaci\u00f3n de manera intrainstitucional e interinstitucional.&nbsp;<\/span><\/li>\n<li><span style=\"font-weight: 400;\">Promover la integraci\u00f3n de los estudiantes en los diferentes proyectos de investigaci\u00f3n.&nbsp;<\/span><\/li>\n<li><span style=\"font-weight: 400;\">Participaci\u00f3n activa en la organizaci\u00f3n y desarrollo de las Jornadas Regionales de Investigaci\u00f3n.<\/span><\/li>\n<li><span style=\"font-weight: 400;\">Trabajo articulado con el equipo de gesti\u00f3n, con las diferentes jefaturas y coordinaciones del Instituto.<\/span><\/li>\n<\/ul>\n\n\n<figure class=\"wp-block-table is-style-stripes\"><table><tbody><tr><td class=\"has-text-align-center\" data-align=\"center\"><strong> <\/strong><a href=\"https:\/\/ens9006-infd.mendoza.edu.ar\/sitio\/proyectos-de-investigacion\/\"><img decoding=\"async\" loading=\"lazy\" width=\"124\" height=\"124\" class=\"wp-image-2789\" style=\"width: 90px;\" src=\"https:\/\/ens9006-infd.mendoza.edu.ar\/sitio\/wp-content\/uploads\/2023\/09\/investigacion.png\" alt=\"\"><\/a><br><strong><a href=\"https:\/\/ens9006-infd.mendoza.edu.ar\/sitio\/proyectos-de-investigacion\/\">Proyectos de investigaci\u00f3n<\/a><\/strong><\/td><td class=\"has-text-align-center\" data-align=\"center\"><a href=\"https:\/\/ens9006-infd.mendoza.edu.ar\/sitio\/introduccion-a-la-formulacion-de-proyectos-institucionales-de-investigacion\/\"><img decoding=\"async\" loading=\"lazy\" width=\"512\" height=\"512\" class=\"wp-image-2690\" style=\"width: 100px;\" src=\"https:\/\/ens9006-infd.mendoza.edu.ar\/sitio\/wp-content\/uploads\/2023\/08\/formacion.png\" alt=\"\" srcset=\"https:\/\/ens9006-infd.mendoza.edu.ar\/sitio\/wp-content\/uploads\/2023\/08\/formacion.png 512w, https:\/\/ens9006-infd.mendoza.edu.ar\/sitio\/wp-content\/uploads\/2023\/08\/formacion-500x500.png 500w\" sizes=\"(max-width: 512px) 100vw, 512px\" \/><\/a><br><strong><a href=\"https:\/\/ens9006-infd.mendoza.edu.ar\/sitio\/introduccion-a-la-formulacion-de-proyectos-institucionales-de-investigacion\/\">Formaci\u00f3n y Capacitaci\u00f3n<\/a><\/strong><\/td><\/tr><\/tbody><\/table><\/figure>\n\n\n\n<hr class=\"wp-block-separator has-alpha-channel-opacity\"\/>\n\n\n\n<div style=\"width: 100%;\"><div style=\"position: relative; padding-bottom: 56.25%; padding-top: 0; height: 0;\"><iframe loading=\"lazy\" title=\"PRESENTACI\u00d3N PIZARRA MAGN\u00c9TICA\" frameborder=\"0\" width=\"1200px\" height=\"675px\" style=\"position: absolute; top: 0; left: 0; width: 100%; height: 100%;\" src=\"https:\/\/view.genial.ly\/6230f3d6614eeb0018be912d\" type=\"text\/html\" allowscriptaccess=\"always\" allowfullscreen=\"true\" scrolling=\"yes\" allownetworking=\"all\"><\/iframe> <\/div> <\/div>\n\n\n\n<h2 class=\"wp-block-heading\">CONTACTO<\/h2>\n\n\n\n<p>Si sos investigador y quer\u00e9s participar con nosotros en alguna investigaci\u00f3n, nos podes escribir o llamar a trav\u00e9s de las siguientes v\u00edas de comunicaci\u00f3n:<\/p>\n\n\n\n<figure class=\"wp-block-table is-style-stripes\"><table><tbody><tr><td class=\"has-text-align-center\" data-align=\"center\">&#x1f4e7;<br><strong>yanina.boiteux@gmail.com<\/strong><\/td><td class=\"has-text-align-center\" data-align=\"center\"><br>&#x1f4de;<br><strong>2634213540<br><\/strong><\/td><\/tr><\/tbody><\/table><\/figure>\n\n\n\n<p><\/p>\n\n\n\n<p><\/p>\n\n\n\n<p><\/p>\n\n\n<blockquote class=\"instagram-media\" data-instgrm-permalink=\"https:\/\/www.instagram.com\/reel\/CxaP879OLYt\/?utm_source=ig_embed&amp;utm_campaign=loading\" data-instgrm-version=\"14\" style=\" background:#FFF; border:0; border-radius:3px; box-shadow:0 0 1px 0 rgba(0,0,0,0.5),0 1px 10px 0 rgba(0,0,0,0.15); margin: 1px; max-width:540px; min-width:326px; padding:0; width:99.375%; width:-webkit-calc(100% - 2px); width:calc(100% - 2px);\">\n<div style=\"padding:16px;\"> <a href=\"https:\/\/www.instagram.com\/reel\/CxaP879OLYt\/?utm_source=ig_embed&amp;utm_campaign=loading\" style=\" background:#FFFFFF; line-height:0; padding:0 0; text-align:center; text-decoration:none; width:100%;\" target=\"_blank\" rel=\"noopener\"> <\/p>\n<div style=\" display: flex; flex-direction: row; align-items: center;\">\n<div style=\"background-color: #F4F4F4; border-radius: 50%; flex-grow: 0; height: 40px; margin-right: 14px; width: 40px;\"><\/div>\n<div style=\"display: flex; flex-direction: column; flex-grow: 1; justify-content: center;\">\n<div style=\" background-color: #F4F4F4; border-radius: 4px; flex-grow: 0; height: 14px; margin-bottom: 6px; width: 100px;\"><\/div>\n<div style=\" background-color: #F4F4F4; border-radius: 4px; flex-grow: 0; height: 14px; width: 60px;\"><\/div>\n<\/div>\n<\/div>\n<div style=\"padding: 19% 0;\"><\/div>\n<div style=\"display:block; height:50px; margin:0 auto 12px; width:50px;\"><svg width=\"50px\" height=\"50px\" viewBox=\"0 0 60 60\" version=\"1.1\" xmlns=\"https:\/\/www.w3.org\/2000\/svg\" xmlns:xlink=\"https:\/\/www.w3.org\/1999\/xlink\"><g stroke=\"none\" stroke-width=\"1\" fill=\"none\" fill-rule=\"evenodd\"><g transform=\"translate(-511.000000, -20.000000)\" fill=\"#000000\"><g><path d=\"M556.869,30.41 C554.814,30.41 553.148,32.076 553.148,34.131 C553.148,36.186 554.814,37.852 556.869,37.852 C558.924,37.852 560.59,36.186 560.59,34.131 C560.59,32.076 558.924,30.41 556.869,30.41 M541,60.657 C535.114,60.657 530.342,55.887 530.342,50 C530.342,44.114 535.114,39.342 541,39.342 C546.887,39.342 551.658,44.114 551.658,50 C551.658,55.887 546.887,60.657 541,60.657 M541,33.886 C532.1,33.886 524.886,41.1 524.886,50 C524.886,58.899 532.1,66.113 541,66.113 C549.9,66.113 557.115,58.899 557.115,50 C557.115,41.1 549.9,33.886 541,33.886 M565.378,62.101 C565.244,65.022 564.756,66.606 564.346,67.663 C563.803,69.06 563.154,70.057 562.106,71.106 C561.058,72.155 560.06,72.803 558.662,73.347 C557.607,73.757 556.021,74.244 553.102,74.378 C549.944,74.521 548.997,74.552 541,74.552 C533.003,74.552 532.056,74.521 528.898,74.378 C525.979,74.244 524.393,73.757 523.338,73.347 C521.94,72.803 520.942,72.155 519.894,71.106 C518.846,70.057 518.197,69.06 517.654,67.663 C517.244,66.606 516.755,65.022 516.623,62.101 C516.479,58.943 516.448,57.996 516.448,50 C516.448,42.003 516.479,41.056 516.623,37.899 C516.755,34.978 517.244,33.391 517.654,32.338 C518.197,30.938 518.846,29.942 519.894,28.894 C520.942,27.846 521.94,27.196 523.338,26.654 C524.393,26.244 525.979,25.756 528.898,25.623 C532.057,25.479 533.004,25.448 541,25.448 C548.997,25.448 549.943,25.479 553.102,25.623 C556.021,25.756 557.607,26.244 558.662,26.654 C560.06,27.196 561.058,27.846 562.106,28.894 C563.154,29.942 563.803,30.938 564.346,32.338 C564.756,33.391 565.244,34.978 565.378,37.899 C565.522,41.056 565.552,42.003 565.552,50 C565.552,57.996 565.522,58.943 565.378,62.101 M570.82,37.631 C570.674,34.438 570.167,32.258 569.425,30.349 C568.659,28.377 567.633,26.702 565.965,25.035 C564.297,23.368 562.623,22.342 560.652,21.575 C558.743,20.834 556.562,20.326 553.369,20.18 C550.169,20.033 549.148,20 541,20 C532.853,20 531.831,20.033 528.631,20.18 C525.438,20.326 523.257,20.834 521.349,21.575 C519.376,22.342 517.703,23.368 516.035,25.035 C514.368,26.702 513.342,28.377 512.574,30.349 C511.834,32.258 511.326,34.438 511.181,37.631 C511.035,40.831 511,41.851 511,50 C511,58.147 511.035,59.17 511.181,62.369 C511.326,65.562 511.834,67.743 512.574,69.651 C513.342,71.625 514.368,73.296 516.035,74.965 C517.703,76.634 519.376,77.658 521.349,78.425 C523.257,79.167 525.438,79.673 528.631,79.82 C531.831,79.965 532.853,80.001 541,80.001 C549.148,80.001 550.169,79.965 553.369,79.82 C556.562,79.673 558.743,79.167 560.652,78.425 C562.623,77.658 564.297,76.634 565.965,74.965 C567.633,73.296 568.659,71.625 569.425,69.651 C570.167,67.743 570.674,65.562 570.82,62.369 C570.966,59.17 571,58.147 571,50 C571,41.851 570.966,40.831 570.82,37.631\"><\/path><\/g><\/g><\/g><\/svg><\/div>\n<div style=\"padding-top: 8px;\">\n<div style=\" color:#3897f0; font-family:Arial,sans-serif; font-size:14px; font-style:normal; font-weight:550; line-height:18px;\">Ver esta publicaci\u00f3n en Instagram<\/div>\n<\/div>\n<div style=\"padding: 12.5% 0;\"><\/div>\n<div style=\"display: flex; flex-direction: row; margin-bottom: 14px; align-items: center;\">\n<div>\n<div style=\"background-color: #F4F4F4; border-radius: 50%; height: 12.5px; width: 12.5px; transform: translateX(0px) translateY(7px);\"><\/div>\n<div style=\"background-color: #F4F4F4; height: 12.5px; transform: rotate(-45deg) translateX(3px) translateY(1px); width: 12.5px; flex-grow: 0; margin-right: 14px; margin-left: 2px;\"><\/div>\n<div style=\"background-color: #F4F4F4; border-radius: 50%; height: 12.5px; width: 12.5px; transform: translateX(9px) translateY(-18px);\"><\/div>\n<\/div>\n<div style=\"margin-left: 8px;\">\n<div style=\" background-color: #F4F4F4; border-radius: 50%; flex-grow: 0; height: 20px; width: 20px;\"><\/div>\n<div style=\" width: 0; height: 0; border-top: 2px solid transparent; border-left: 6px solid #f4f4f4; border-bottom: 2px solid transparent; transform: translateX(16px) translateY(-4px) rotate(30deg)\"><\/div>\n<\/div>\n<div style=\"margin-left: auto;\">\n<div style=\" width: 0px; border-top: 8px solid #F4F4F4; border-right: 8px solid transparent; transform: translateY(16px);\"><\/div>\n<div style=\" background-color: #F4F4F4; flex-grow: 0; height: 12px; width: 16px; transform: translateY(-4px);\"><\/div>\n<div style=\" width: 0; height: 0; border-top: 8px solid #F4F4F4; border-left: 8px solid transparent; transform: translateY(-4px) translateX(8px);\"><\/div>\n<\/div>\n<\/div>\n<div style=\"display: flex; flex-direction: column; flex-grow: 1; justify-content: center; margin-bottom: 24px;\">\n<div style=\" background-color: #F4F4F4; border-radius: 4px; flex-grow: 0; height: 14px; margin-bottom: 6px; width: 224px;\"><\/div>\n<div style=\" background-color: #F4F4F4; border-radius: 4px; flex-grow: 0; height: 14px; width: 144px;\"><\/div>\n<\/div>\n<p><\/a><\/p>\n<p style=\" color:#c9c8cd; font-family:Arial,sans-serif; font-size:14px; line-height:17px; margin-bottom:0; margin-top:8px; overflow:hidden; padding:8px 0 7px; text-align:center; text-overflow:ellipsis; white-space:nowrap;\"><a href=\"https:\/\/www.instagram.com\/reel\/CxaP879OLYt\/?utm_source=ig_embed&amp;utm_campaign=loading\" style=\" color:#c9c8cd; font-family:Arial,sans-serif; font-size:14px; font-style:normal; font-weight:normal; line-height:17px; text-decoration:none;\" target=\"_blank\" rel=\"noopener\">Una publicaci\u00f3n compartida por Ies Francisco Tolosa (@ies.f.h.tolosa)<\/a><\/p>\n<\/div>\n<\/blockquote>\n<p> <script async src=\"\/\/www.instagram.com\/embed.js\"><\/script><\/p>\n","protected":false},"excerpt":{"rendered":"<p>&nbsp; Profesora Yanina BoiteuxJefa de Investigaci\u00f3n La Resoluci\u00f3n N\u00b0 23\/07 CFE establece la necesidad de promover la investigaci\u00f3n y experimentaci\u00f3n pedag\u00f3gica para el mejoramiento de las pr\u00e1cticas docentes.&nbsp; Siendo un objetivo de la CGES potenciar la investigaci\u00f3n y la producci\u00f3n de conocimiento. Seg\u00fan la Resoluci\u00f3n N\u00b0 23\/07 CFE, art\u00edculo 2do, se determina que la investigaci\u00f3n &#8230; <a title=\"Jefatura de Investigaci\u00f3n\" class=\"read-more\" href=\"https:\/\/ens9006-infd.mendoza.edu.ar\/sitio\/investigacion\/\" aria-label=\"More on Jefatura de Investigaci\u00f3n\">[+]<\/a><\/p>\n","protected":false},"author":1400,"featured_media":0,"parent":0,"menu_order":0,"comment_status":"closed","ping_status":"closed","template":"","meta":[],"acf":[],"_links":{"self":[{"href":"https:\/\/ens9006-infd.mendoza.edu.ar\/sitio\/wp-json\/wp\/v2\/pages\/905"}],"collection":[{"href":"https:\/\/ens9006-infd.mendoza.edu.ar\/sitio\/wp-json\/wp\/v2\/pages"}],"about":[{"href":"https:\/\/ens9006-infd.mendoza.edu.ar\/sitio\/wp-json\/wp\/v2\/types\/page"}],"author":[{"embeddable":true,"href":"https:\/\/ens9006-infd.mendoza.edu.ar\/sitio\/wp-json\/wp\/v2\/users\/1400"}],"replies":[{"embeddable":true,"href":"https:\/\/ens9006-infd.mendoza.edu.ar\/sitio\/wp-json\/wp\/v2\/comments?post=905"}],"version-history":[{"count":15,"href":"https:\/\/ens9006-infd.mendoza.edu.ar\/sitio\/wp-json\/wp\/v2\/pages\/905\/revisions"}],"predecessor-version":[{"id":3073,"href":"https:\/\/ens9006-infd.mendoza.edu.ar\/sitio\/wp-json\/wp\/v2\/pages\/905\/revisions\/3073"}],"wp:attachment":[{"href":"https:\/\/ens9006-infd.mendoza.edu.ar\/sitio\/wp-json\/wp\/v2\/media?parent=905"}],"curies":[{"name":"wp","href":"https:\/\/api.w.org\/{rel}","templated":true}]}}