{"id":910,"date":"2018-08-30T19:46:59","date_gmt":"2018-08-30T22:46:59","guid":{"rendered":"https:\/\/ens9006-mza.infd.edu.ar\/sitio\/coordinadores\/"},"modified":"2025-11-27T12:35:02","modified_gmt":"2025-11-27T15:35:02","slug":"coordinadores","status":"publish","type":"page","link":"https:\/\/ens9006-infd.mendoza.edu.ar\/sitio\/coordinadores\/","title":{"rendered":"Jefaturas y Coordinaciones"},"content":{"rendered":"\n<figure class=\"wp-block-table is-style-stripes\"><table class=\"has-background has-fixed-layout\" style=\"background-color:#e7f5fe\"><tbody><tr><td class=\"has-text-align-center\" data-align=\"center\"><img decoding=\"async\" loading=\"lazy\" width=\"500\" height=\"281\" class=\"wp-image-1976\" style=\"width: 200px;\" src=\"https:\/\/ens9006-infd.mendoza.edu.ar\/sitio\/wp-content\/uploads\/2021\/09\/EQUIPO_GESTION_LORENA_CORDESCHI.jpg\" alt=\"\"><\/td><td class=\"has-text-align-center\" data-align=\"center\"><img decoding=\"async\" loading=\"lazy\" width=\"422\" height=\"281\" class=\"wp-image-1975\" style=\"width: 200px;\" src=\"https:\/\/ens9006-infd.mendoza.edu.ar\/sitio\/wp-content\/uploads\/2021\/09\/EQUIPO_GESTION_LAURA_ES.jpg\" alt=\"\"><\/td><\/tr><tr><td class=\"has-text-align-center\" data-align=\"center\">Profesora Lorena Cordeschi<br><strong><em>Jefa de Formaci\u00f3n Inicial<\/em><\/strong><\/td><td class=\"has-text-align-center\" data-align=\"center\">Profesora&nbsp;Laura Essayag<br><strong><em>Coordinadora de Pr\u00e1ctica Profesional Docente<\/em><\/strong><\/td><\/tr><\/tbody><\/table><\/figure>\n\n\n\n<figure class=\"wp-block-table is-style-stripes\"><table class=\"has-background has-fixed-layout\" style=\"background-color:#e7f5fe\"><tbody><tr><td class=\"has-text-align-center\" data-align=\"center\"><img decoding=\"async\" loading=\"lazy\" width=\"253\" height=\"225\" class=\"wp-image-2461\" style=\"width: 150px;\" src=\"https:\/\/ens9006-infd.mendoza.edu.ar\/sitio\/wp-content\/uploads\/2022\/10\/Yanina-Boiteux.jpg\" alt=\"\"><\/td><td class=\"has-text-align-center\" data-align=\"center\"><img decoding=\"async\" loading=\"lazy\" width=\"252\" height=\"225\" class=\"wp-image-2460\" style=\"width: 150px;\" src=\"https:\/\/ens9006-infd.mendoza.edu.ar\/sitio\/wp-content\/uploads\/2022\/10\/Maria-Ines-Vergara.jpg\" alt=\"\"><\/td><\/tr><tr><td class=\"has-text-align-center\" data-align=\"center\">Profesora Yanina Boiteux<br><strong><em>Jefa de Investigaci\u00f3n<\/em><\/strong><\/td><td class=\"has-text-align-center\" data-align=\"center\">Profesora Mar\u00eda In\u00e9s Vergara<br><strong><em>Jefa de Desarrollo Profesional Docente <\/em><\/strong><\/td><\/tr><\/tbody><\/table><\/figure>\n\n\n\n<figure class=\"wp-block-table is-style-stripes\"><table class=\"has-background has-fixed-layout\" style=\"background-color:#e7f5fe\"><tbody><tr><td class=\"has-text-align-center\" data-align=\"center\"><img decoding=\"async\" loading=\"lazy\" width=\"256\" height=\"224\" class=\"wp-image-2462\" style=\"width: 150px;\" src=\"https:\/\/ens9006-infd.mendoza.edu.ar\/sitio\/wp-content\/uploads\/2022\/10\/Laura_ochoa.jpg\" alt=\"\"><\/td><td class=\"has-text-align-center\" data-align=\"center\"><\/td><\/tr><tr><td class=\"has-text-align-center\" data-align=\"center\">Profesora Laura Ochoa<br><strong><em>Jefa de Desarrollo Profesional T\u00e9cnico<\/em><\/strong><\/td><td class=\"has-text-align-center\" data-align=\"center\"><br><\/td><\/tr><\/tbody><\/table><\/figure>\n\n\n\n<h3 class=\"wp-block-heading\">Coordinadores de carrera<\/h3>\n\n\n\n<figure class=\"wp-block-table is-style-stripes\"><table><tbody><tr><td><img decoding=\"async\" loading=\"lazy\" width=\"175\" height=\"147\" class=\"wp-image-1968\" style=\"width: 150px;\" src=\"https:\/\/ens9006-infd.mendoza.edu.ar\/sitio\/wp-content\/uploads\/2021\/09\/EQUIPO_GESTION_CLAUDIA_MORALES-copia-e1666873889508.jpg\" alt=\"\"><\/td><td><strong>Prof. Claudia Morales<\/strong><br>Profesorado de EDUCACION PRIMARIA (1\u00b0 y 2\u00b0 Comisi\u00f3n)<\/td><td>                                    <\/td><td><\/td><td><strong>Prof. Yolanda Masman<\/strong><br>Profesorado de EDUCACION PRIMARIA (3\u00b0 Comisi\u00f3n) AULA SAT\u00c9LITE La Central <\/td><\/tr><tr><td><img decoding=\"async\" loading=\"lazy\" width=\"198\" height=\"180\" class=\"wp-image-2468\" style=\"width: 150px;\" src=\"https:\/\/ens9006-infd.mendoza.edu.ar\/sitio\/wp-content\/uploads\/2022\/10\/ivana_alchapar.jpg\" alt=\"\"><\/td><td><strong>Prof.Ivana Alchapar<\/strong><br>Profesorado de EDUCACION INICIAL<\/td><td><\/td><td><img decoding=\"async\" loading=\"lazy\" width=\"167\" height=\"156\" class=\"wp-image-1967\" style=\"width: 150px;\" src=\"https:\/\/ens9006-infd.mendoza.edu.ar\/sitio\/wp-content\/uploads\/2021\/09\/EQUIPO_GESTION_CECILIA_ORELLANA-e1666873928560.jpg\" alt=\"\"><\/td><td><strong>Prof. Cecilia Orellano<\/strong><br>Profesorado de EDUCACI\u00d3N SECUNDARIA EN MATEM\u00c1TICA<\/td><\/tr><tr><td><img decoding=\"async\" loading=\"lazy\" width=\"197\" height=\"182\" class=\"wp-image-2469\" style=\"width: 150px;\" src=\"https:\/\/ens9006-infd.mendoza.edu.ar\/sitio\/wp-content\/uploads\/2022\/10\/Fabian_Debandi.jpg\" alt=\"\"><\/td><td><strong>Prof.Fabi\u00e1n Debandi<\/strong><br>Profesorado de EDUCACI\u00d3N SECUNDARIA EN F\u00cdSICA<\/td><td><\/td><td><img decoding=\"async\" loading=\"lazy\" width=\"197\" height=\"177\" class=\"wp-image-2470\" style=\"width: 150px;\" src=\"https:\/\/ens9006-infd.mendoza.edu.ar\/sitio\/wp-content\/uploads\/2022\/10\/Cecilia_Gautier.jpg\" alt=\"\"><\/td><td><strong>Prof. Cecilia Gautier<\/strong><br>Profesorado de EDUCACI\u00d3N SECUNDARIA EN QU\u00cdMICA<\/td><\/tr><tr><td><img decoding=\"async\" loading=\"lazy\" width=\"400\" height=\"447\" class=\"wp-image-4055\" style=\"width: 150px;\" src=\"https:\/\/ens9006-infd.mendoza.edu.ar\/sitio\/wp-content\/uploads\/2025\/05\/Marian-Sanchez.jpeg\" alt=\"\"><\/td><td><strong>Prof. Cecilia Marianela S\u00e1nchez<\/strong><br>Profesorado de ARTES VISUALES<\/td><td><\/td><td><\/td><td><\/td><\/tr><tr><td><img decoding=\"async\" loading=\"lazy\" width=\"185\" height=\"167\" class=\"wp-image-2473\" style=\"width: 150px;\" src=\"https:\/\/ens9006-infd.mendoza.edu.ar\/sitio\/wp-content\/uploads\/2022\/10\/Vanina_Nieto.jpg\" alt=\"\"><\/td><td><strong>Prof. Vanina Nieto<\/strong><br>Tecnicatura Superior en TURISMO Y HOTELER\u00cdA<\/td><td><\/td><td><\/td><td><strong>Yemina Casanova<\/strong><br>Tecnicatura Superior en Producci\u00f3n ARTISTICA ARTESANAL<\/td><\/tr><tr><td><img decoding=\"async\" loading=\"lazy\" width=\"196\" height=\"176\" class=\"wp-image-2472\" style=\"width: 150px;\" src=\"https:\/\/ens9006-infd.mendoza.edu.ar\/sitio\/wp-content\/uploads\/2022\/10\/Ariel_Donaire.jpg\" alt=\"\"><\/td><td><strong>Lic. Ariel Donaire<\/strong><br>Tecnicatura Superior en ADMINISTRACI\u00d3N DE EMPRESAS<br><\/td><td><\/td><td><img decoding=\"async\" loading=\"lazy\" width=\"197\" height=\"166\" class=\"wp-image-1978\" style=\"width: 150px;\" src=\"https:\/\/ens9006-infd.mendoza.edu.ar\/sitio\/wp-content\/uploads\/2021\/09\/EQUIPO_GESTION_R_BRICOLA-e1666873838974.jpg\" alt=\"\"><\/td><td><strong>Ingeniero Ricardo Br\u00edcola<\/strong><br>Tecnicatura Superior en HIGIENE Y SEGURIDAD CON ORIENTACI\u00d3N DE CALIDAD Y MEDIO AMBIENTE<\/td><\/tr><\/tbody><\/table><\/figure>\n\n\n\n<figure class=\"wp-block-image size-full is-style-default\"><img decoding=\"async\" loading=\"lazy\" width=\"1119\" height=\"649\" src=\"https:\/\/ens9006-infd.mendoza.edu.ar\/sitio\/wp-content\/uploads\/2025\/11\/consejo.jpeg\" alt=\"\" class=\"wp-image-4989\" srcset=\"https:\/\/ens9006-infd.mendoza.edu.ar\/sitio\/wp-content\/uploads\/2025\/11\/consejo.jpeg 1119w, https:\/\/ens9006-infd.mendoza.edu.ar\/sitio\/wp-content\/uploads\/2025\/11\/consejo-1000x580.jpeg 1000w, https:\/\/ens9006-infd.mendoza.edu.ar\/sitio\/wp-content\/uploads\/2025\/11\/consejo-768x445.jpeg 768w\" sizes=\"(max-width: 1119px) 100vw, 1119px\" \/><\/figure>\n\n\n<h5><strong>Funciones del Coordinador de carrera<\/strong><\/h5>\n<p><span style=\"color: #000000;\"><span style=\"font-size: 12pt;\">a) Orientar y coordinar la comunicaci\u00f3n permanente con los alumnos.<\/span><br><span style=\"font-size: 12pt;\">b) Acordar v\u00edas de comunicaci\u00f3n con los dem\u00e1s Coordinadores para intercambiar experiencias y dise\u00f1ar actividades de integraci\u00f3n Institucional.<\/span><br><span style=\"font-size: 12pt;\">c) Acompa\u00f1ar a la\/ el Regente en la coordinaci\u00f3n de actividades previstas en los Dise\u00f1os Curriculares con profesores y alumnos.<\/span><br><span style=\"font-size: 12pt;\">d) Promover y coordinar actividades de capacitaci\u00f3n intra e inter Institucional.<\/span><br><span style=\"font-size: 12pt;\">e) Relevar la necesidad de material bibliogr\u00e1fico y de recursos did\u00e1cticos de cada c\u00e1tedra y promover soluciones a las deficiencias detectadas. <\/span><br><span style=\"font-size: 12pt;\">f) Analizar junto al Regente y al Jefe de Formaci\u00f3n Inicial los programas presentados en la Carrera.<\/span><br><span style=\"font-size: 12pt;\">g) Desarrollar un asesoramiento permanente a los colegas en aspectos pedag\u00f3gico &#8211; did\u00e1cticos<\/span><\/span><\/p>\n<p><\/p>\n\n\n<figure class=\"wp-block-image is-style-default\"><img alt=\"\"\/><\/figure>\n\n\n\n<figure class=\"wp-block-image is-style-default\"><img alt=\"\"\/><\/figure>\n\n\n\n<figure class=\"wp-block-image is-style-default\"><img alt=\"\"\/><\/figure>\n\n\n\n<p><\/p>\n","protected":false},"excerpt":{"rendered":"<p>Profesora Lorena CordeschiJefa de Formaci\u00f3n Inicial Profesora&nbsp;Laura EssayagCoordinadora de Pr\u00e1ctica Profesional Docente Profesora Yanina BoiteuxJefa de Investigaci\u00f3n Profesora Mar\u00eda In\u00e9s VergaraJefa de Desarrollo Profesional Docente Profesora Laura OchoaJefa de Desarrollo Profesional T\u00e9cnico Coordinadores de carrera Prof. Claudia MoralesProfesorado de EDUCACION PRIMARIA (1\u00b0 y 2\u00b0 Comisi\u00f3n) Prof. Yolanda MasmanProfesorado de EDUCACION PRIMARIA (3\u00b0 Comisi\u00f3n) AULA SAT\u00c9LITE &#8230; <a title=\"Jefaturas y Coordinaciones\" class=\"read-more\" href=\"https:\/\/ens9006-infd.mendoza.edu.ar\/sitio\/coordinadores\/\" aria-label=\"More on Jefaturas y Coordinaciones\">[+]<\/a><\/p>\n","protected":false},"author":1400,"featured_media":0,"parent":0,"menu_order":0,"comment_status":"closed","ping_status":"closed","template":"","meta":[],"acf":[],"_links":{"self":[{"href":"https:\/\/ens9006-infd.mendoza.edu.ar\/sitio\/wp-json\/wp\/v2\/pages\/910"}],"collection":[{"href":"https:\/\/ens9006-infd.mendoza.edu.ar\/sitio\/wp-json\/wp\/v2\/pages"}],"about":[{"href":"https:\/\/ens9006-infd.mendoza.edu.ar\/sitio\/wp-json\/wp\/v2\/types\/page"}],"author":[{"embeddable":true,"href":"https:\/\/ens9006-infd.mendoza.edu.ar\/sitio\/wp-json\/wp\/v2\/users\/1400"}],"replies":[{"embeddable":true,"href":"https:\/\/ens9006-infd.mendoza.edu.ar\/sitio\/wp-json\/wp\/v2\/comments?post=910"}],"version-history":[{"count":17,"href":"https:\/\/ens9006-infd.mendoza.edu.ar\/sitio\/wp-json\/wp\/v2\/pages\/910\/revisions"}],"predecessor-version":[{"id":4990,"href":"https:\/\/ens9006-infd.mendoza.edu.ar\/sitio\/wp-json\/wp\/v2\/pages\/910\/revisions\/4990"}],"wp:attachment":[{"href":"https:\/\/ens9006-infd.mendoza.edu.ar\/sitio\/wp-json\/wp\/v2\/media?parent=910"}],"curies":[{"name":"wp","href":"https:\/\/api.w.org\/{rel}","templated":true}]}}