{"id":936,"date":"2018-08-30T19:47:08","date_gmt":"2018-08-30T22:47:08","guid":{"rendered":"https:\/\/ens9006-mza.infd.edu.ar\/sitio\/educacion-inicial\/"},"modified":"2026-04-22T15:35:56","modified_gmt":"2026-04-22T18:35:56","slug":"educacion-inicial","status":"publish","type":"page","link":"https:\/\/ens9006-infd.mendoza.edu.ar\/sitio\/educacion-inicial\/","title":{"rendered":"Profesorado de Educaci\u00f3n Inicial"},"content":{"rendered":"\n<figure class=\"wp-block-image size-full is-style-default\"><img decoding=\"async\" loading=\"lazy\" width=\"900\" height=\"1272\" src=\"https:\/\/ens9006-infd.mendoza.edu.ar\/sitio\/wp-content\/uploads\/2025\/08\/Profesorado-de-Educacion-Inicial_page-0001.jpg\" alt=\"\" class=\"wp-image-4378\" srcset=\"https:\/\/ens9006-infd.mendoza.edu.ar\/sitio\/wp-content\/uploads\/2025\/08\/Profesorado-de-Educacion-Inicial_page-0001.jpg 900w, https:\/\/ens9006-infd.mendoza.edu.ar\/sitio\/wp-content\/uploads\/2025\/08\/Profesorado-de-Educacion-Inicial_page-0001-708x1000.jpg 708w, https:\/\/ens9006-infd.mendoza.edu.ar\/sitio\/wp-content\/uploads\/2025\/08\/Profesorado-de-Educacion-Inicial_page-0001-768x1085.jpg 768w\" sizes=\"(max-width: 900px) 100vw, 900px\" \/><\/figure>\n\n\n\n<h6 class=\"wp-block-heading\">&#x1f4cc; <a rel=\"noreferrer noopener\" href=\"https:\/\/ens9006-infd.mendoza.edu.ar\/sitio\/wp-content\/uploads\/2025\/08\/Profesorado-de-Educacion-Inicial.pdf\" target=\"_blank\">Descargar Plan de Estudios del Profesorado de Educaci\u00f3n Inicial<\/a><\/h6>\n\n\n\n<p>&#x1f4cc; <strong><a href=\"https:\/\/ens9006-infd.mendoza.edu.ar\/sitio\/wp-content\/uploads\/2026\/04\/Profesorado-de-Educacion-Inicial.pdf\" target=\"_blank\" rel=\"noreferrer noopener\">Descargar Dise\u00f1o Curricular del Profesorado de Educaci\u00f3n Inicial<\/a><\/strong><\/p>\n","protected":false},"excerpt":{"rendered":"<p>&#x1f4cc; Descargar Plan de Estudios del Profesorado de Educaci\u00f3n Inicial &#x1f4cc; Descargar Dise\u00f1o Curricular del Profesorado de Educaci\u00f3n Inicial<\/p>\n","protected":false},"author":1400,"featured_media":0,"parent":0,"menu_order":0,"comment_status":"closed","ping_status":"closed","template":"","meta":[],"acf":[],"_links":{"self":[{"href":"https:\/\/ens9006-infd.mendoza.edu.ar\/sitio\/wp-json\/wp\/v2\/pages\/936"}],"collection":[{"href":"https:\/\/ens9006-infd.mendoza.edu.ar\/sitio\/wp-json\/wp\/v2\/pages"}],"about":[{"href":"https:\/\/ens9006-infd.mendoza.edu.ar\/sitio\/wp-json\/wp\/v2\/types\/page"}],"author":[{"embeddable":true,"href":"https:\/\/ens9006-infd.mendoza.edu.ar\/sitio\/wp-json\/wp\/v2\/users\/1400"}],"replies":[{"embeddable":true,"href":"https:\/\/ens9006-infd.mendoza.edu.ar\/sitio\/wp-json\/wp\/v2\/comments?post=936"}],"version-history":[{"count":10,"href":"https:\/\/ens9006-infd.mendoza.edu.ar\/sitio\/wp-json\/wp\/v2\/pages\/936\/revisions"}],"predecessor-version":[{"id":5317,"href":"https:\/\/ens9006-infd.mendoza.edu.ar\/sitio\/wp-json\/wp\/v2\/pages\/936\/revisions\/5317"}],"wp:attachment":[{"href":"https:\/\/ens9006-infd.mendoza.edu.ar\/sitio\/wp-json\/wp\/v2\/media?parent=936"}],"curies":[{"name":"wp","href":"https:\/\/api.w.org\/{rel}","templated":true}]}}