{"id":942,"date":"2018-08-30T19:47:10","date_gmt":"2018-08-30T22:47:10","guid":{"rendered":"https:\/\/ens9006-mza.infd.edu.ar\/sitio\/fisica\/"},"modified":"2025-08-20T11:19:48","modified_gmt":"2025-08-20T14:19:48","slug":"fisica","status":"publish","type":"page","link":"https:\/\/ens9006-infd.mendoza.edu.ar\/sitio\/fisica\/","title":{"rendered":"Profesorado de Educaci\u00f3n Secundaria en F\u00edsica"},"content":{"rendered":"<p><img decoding=\"async\" loading=\"lazy\" class=\"alignnone wp-image-4410 size-medium\" src=\"https:\/\/ens9006-infd.mendoza.edu.ar\/sitio\/wp-content\/uploads\/2025\/08\/Profesorado-de-Educacion-Secundaria-en-Fisica_page-0001-708x1000.jpg\" alt=\"\" width=\"708\" height=\"1000\" srcset=\"https:\/\/ens9006-infd.mendoza.edu.ar\/sitio\/wp-content\/uploads\/2025\/08\/Profesorado-de-Educacion-Secundaria-en-Fisica_page-0001-708x1000.jpg 708w, https:\/\/ens9006-infd.mendoza.edu.ar\/sitio\/wp-content\/uploads\/2025\/08\/Profesorado-de-Educacion-Secundaria-en-Fisica_page-0001-768x1085.jpg 768w, https:\/\/ens9006-infd.mendoza.edu.ar\/sitio\/wp-content\/uploads\/2025\/08\/Profesorado-de-Educacion-Secundaria-en-Fisica_page-0001-1087x1536.jpg 1087w, https:\/\/ens9006-infd.mendoza.edu.ar\/sitio\/wp-content\/uploads\/2025\/08\/Profesorado-de-Educacion-Secundaria-en-Fisica_page-0001.jpg 1241w\" sizes=\"(max-width: 708px) 100vw, 708px\" \/><\/p>\n<p><!--\n\n\n<table style=\"width: 100%; height: 528px;\" border=\"1\" cellspacing=\"0\" cellpadding=\"0\">\n\n\n<tbody>\n\n\n<tr>\n\n\n<td colspan=\"2\" width=\"265\">PRIMER A\u00d1O<\/td>\n\n\n\n\n<td colspan=\"3\" width=\"246\">SEGUNDO A\u00d1O<\/td>\n\n\n\n\n<td colspan=\"3\" width=\"265\">TERCER A\u00d1O<\/td>\n\n\n\n\n<td colspan=\"3\" width=\"236\">CUARTO A\u00d1O<\/td>\n\n\n\n\n<td width=\"0\" height=\"14\"><\/td>\n\n\n<\/tr>\n\n\n\n\n<tr>\n\n\n<td width=\"113\">Cuatrimestre 1<\/td>\n\n\n\n\n<td width=\"151\">Cuatrimestre 2<\/td>\n\n\n\n\n<td colspan=\"2\" width=\"142\">Cuatrimestre 1<\/td>\n\n\n\n\n<td width=\"104\">Cuatrimestre 2<\/td>\n\n\n\n\n<td colspan=\"2\" width=\"151\">Cuatrimestre 1<\/td>\n\n\n\n\n<td width=\"113\">Cuatrimestre 2<\/td>\n\n\n\n\n<td colspan=\"2\" width=\"123\">Cuatrimestre 1<\/td>\n\n\n\n\n<td width=\"113\">Cuatrimestre 2<\/td>\n\n\n\n\n<td width=\"0\" height=\"27\"><\/td>\n\n\n<\/tr>\n\n\n\n\n<tr>\n\n\n<td colspan=\"2\" rowspan=\"2\" width=\"265\">F\u00edsica I<\/td>\n\n\n\n\n<td colspan=\"3\" rowspan=\"2\" width=\"246\"><a title=\"F\u00cdSICA II\" href=\"upload\/F%CDSICA_II_1.pdf\" target=\"_blank\" rel=\"noopener\">F\u00edsica II<\/a><\/td>\n\n\n\n\n<td colspan=\"3\" rowspan=\"2\" width=\"265\"><a title=\"F\u00cdSICA III\" href=\"upload\/F%EDsica_III.pdf\" target=\"_blank\" rel=\"noopener\">F\u00edsica III<\/a><\/td>\n\n\n\n\n<td colspan=\"3\" width=\"236\"><a title=\"F\u00cdSICA IV\" href=\"upload\/programa_F%EDsica_IV_2014.pdf\" target=\"_blank\" rel=\"noopener\">F\u00edsica IV<\/a><\/td>\n\n\n\n\n<td width=\"0\" height=\"33\"><\/td>\n\n\n<\/tr>\n\n\n\n\n<tr>\n\n\n<td colspan=\"3\" width=\"236\"><strong>F\u00edsica Experimental<\/strong><\/td>\n\n\n\n\n<td width=\"0\" height=\"8\"><\/td>\n\n\n<\/tr>\n\n\n\n\n<tr>\n\n\n<td colspan=\"2\" width=\"265\"><strong>Taller de Laboratorio de F\u00edsica<\/strong><\/td>\n\n\n\n\n<td colspan=\"3\" width=\"246\"><a title=\"DID\u00c1CTICA DE LA F\u00cdSICA I\" href=\"upload\/Did%E1ctica_de_la_F%EDsica_I.pdf\" target=\"_blank\" rel=\"noopener\">Did\u00e1ctica de la F\u00edsica I<\/a><\/td>\n\n\n\n\n<td colspan=\"3\" width=\"265\">Did\u00e1ctica de la F\u00edsica II<\/td>\n\n\n\n\n<td rowspan=\"2\" width=\"113\"><span style=\"font-size: 10pt; font-family: times new roman,times;\">F\u00edsicoqu\u00edmica II<\/span><\/td>\n\n\n\n\n<td colspan=\"2\" rowspan=\"3\" width=\"123\"><span style=\"font-size: 10pt; font-family: times new roman,times;\">Mec\u00e1nica Anal\u00edtica<\/span><\/td>\n\n\n\n\n<td width=\"0\" height=\"42\"><\/td>\n\n\n<\/tr>\n\n\n\n\n<tr>\n\n\n<td colspan=\"2\" width=\"265\"><span style=\"font-size: 10pt; font-family: times new roman,times;\">\u00c1lgebra y Geometr\u00eda Anal\u00edtica<\/span><\/td>\n\n\n\n\n<td colspan=\"3\" width=\"246\"><span style=\"font-size: 10pt; font-family: times new roman,times;\"><strong><a title=\"HISTORIA DE LA F\u00cdSICA\" href=\"upload\/Historia_de_la_F%EDsica.pdf\" target=\"_blank\" rel=\"noopener\">Historia de la F\u00edsica<\/a><\/strong><\/span><\/td>\n\n\n\n\n<td colspan=\"3\" width=\"265\"><span style=\"font-size: 10pt; font-family: times new roman,times;\">Probabilidad y Estad\u00edstica<\/span><\/td>\n\n\n\n\n<td width=\"0\" height=\"39\"><\/td>\n\n\n<\/tr>\n\n\n\n\n<tr>\n\n\n<td colspan=\"2\" rowspan=\"2\" width=\"265\"><span style=\"font-size: 10pt; font-family: times new roman,times;\">C\u00e1lculo I<\/span><\/td>\n\n\n\n\n<td colspan=\"3\" rowspan=\"2\" width=\"246\"><span style=\"font-size: 10pt; font-family: times new roman,times;\">C\u00e1lculo II<\/span><\/td>\n\n\n\n\n<td width=\"132\"><span style=\"font-size: 10pt; font-family: times new roman,times;\">C\u00e1lculo III<\/span><\/td>\n\n\n\n\n<td colspan=\"2\" width=\"132\"><span style=\"font-size: 10pt; font-family: times new roman,times;\">F\u00edsica de la Tierra<\/span><\/td>\n\n\n\n\n<td rowspan=\"3\" width=\"113\"><span style=\"font-size: 10pt; font-family: times new roman,times;\"><strong><a title=\"ASTRONOM\u00cdA\" href=\"upload\/Astronom%EDa.pdf\" target=\"_blank\" rel=\"noopener\">Astronom\u00eda<\/a><\/strong><\/span><\/td>\n\n\n\n\n<td width=\"0\" height=\"37\"><\/td>\n\n\n<\/tr>\n\n\n\n\n<tr>\n\n\n<td width=\"132\"><span style=\"font-size: 10pt; font-family: times new roman,times;\"><a title=\"QU\u00cdMICA II\" href=\"upload\/Qu%EDmica_II.pdf\" target=\"_blank\" rel=\"noopener\">Qu\u00edmica II<\/a><\/span><\/td>\n\n\n\n\n<td colspan=\"2\" width=\"132\"><span style=\"font-size: 10pt; font-family: times new roman,times;\">F\u00edsicoqu\u00edmica I<\/span><\/td>\n\n\n\n\n<td colspan=\"2\" rowspan=\"2\" width=\"123\"><span style=\"font-size: 10pt; font-family: times new roman,times;\"><strong>Cosmolog\u00eda<\/strong><\/span><\/td>\n\n\n\n\n<td width=\"0\" height=\"23\"><\/td>\n\n\n<\/tr>\n\n\n\n\n<tr>\n\n\n<td rowspan=\"2\" width=\"113\"><span style=\"font-size: 10pt; font-family: times new roman,times;\"><strong>Promoci\u00f3n de la Salud<\/strong><\/span>\n\n<span style=\"font-size: 10pt; font-family: times new roman,times;\"><strong>\u00a0<\/strong><\/span><\/td>\n\n\n\n\n<td rowspan=\"2\" width=\"151\"><span style=\"font-size: 10pt; font-family: times new roman,times;\"><strong>Historia Pol\u00edtica, Social, Econ\u00f3mica y Cultural de Am\u00e9rica Latina<\/strong><\/span>\n\n<span style=\"font-size: 10pt; font-family: times new roman,times;\"><strong>\u00a0<\/strong><\/span><\/td>\n\n\n\n\n<td rowspan=\"2\" width=\"123\"><span style=\"font-size: 10pt; font-family: times new roman,times;\">Qu\u00edmica I<\/span><\/td>\n\n\n\n\n<td colspan=\"2\" rowspan=\"2\" width=\"123\"><span style=\"font-size: 10pt; font-family: times new roman,times;\">Biolog\u00eda General<\/span><\/td>\n\n\n\n\n<td rowspan=\"2\" width=\"132\"><span style=\"font-size: 10pt; font-family: times new roman,times;\"><strong>UDI \u2013 CFE<\/strong><\/span><\/td>\n\n\n\n\n<td colspan=\"2\" rowspan=\"2\" width=\"132\"><span style=\"font-size: 10pt; font-family: times new roman,times;\">Epistemolog\u00eda de la F\u00edsica<\/span><\/td>\n\n\n\n\n<td width=\"0\" height=\"32\"><\/td>\n\n\n<\/tr>\n\n\n\n\n<tr>\n\n\n<td width=\"113\"><span style=\"font-size: 10pt; font-family: times new roman,times;\">UDI-CFG<\/span><\/td>\n\n\n\n\n<td colspan=\"2\" width=\"123\"><span style=\"font-size: 10pt; font-family: times new roman,times;\"><strong>UDI- CFE<\/strong><\/span><\/td>\n\n\n\n\n<td width=\"0\" height=\"71\"><\/td>\n\n\n<\/tr>\n\n\n\n\n<tr>\n\n\n<td width=\"113\"><span style=\"font-size: 10pt; font-family: times new roman,times;\"><strong>Pr\u00e1cticas de Lectura, Escritura y Oralida<\/strong><\/span><\/td>\n\n\n\n\n<td width=\"151\"><span style=\"font-size: 10pt; font-family: times new roman,times;\"><strong>Tecnolog\u00edas de la Comunicaci\u00f3n y la Informaci\u00f3n<\/strong><\/span><\/td>\n\n\n\n\n<td width=\"123\"><span style=\"font-size: 10pt; font-family: times new roman,times;\">Psicolog\u00eda Educacional<\/span><\/td>\n\n\n\n\n<td colspan=\"2\" width=\"123\"><span style=\"font-size: 10pt; font-family: times new roman,times;\">Sujetos de la Educaci\u00f3n Secundaria<\/span><\/td>\n\n\n\n\n<td rowspan=\"2\" width=\"132\"><span style=\"font-size: 10pt; font-family: times new roman,times;\">Filosof\u00eda<\/span><\/td>\n\n\n\n\n<td colspan=\"2\" rowspan=\"2\" width=\"132\"><span style=\"font-size: 10pt; font-family: times new roman,times;\">Sociolog\u00eda de la Educaci\u00f3n<\/span><\/td>\n\n\n\n\n<td colspan=\"3\" rowspan=\"3\" width=\"236\"><span style=\"font-size: 10pt; font-family: times new roman,times;\"><strong>Pr\u00e1ctica Profesional Docente IV<\/strong><\/span>\n\n<span style=\"font-size: 10pt; font-family: times new roman,times;\">\u00a0<\/span><\/td>\n\n\n\n\n<td width=\"0\" height=\"89\"><\/td>\n\n\n<\/tr>\n\n\n\n\n<tr>\n\n\n<td width=\"113\"><span style=\"font-size: 10pt; font-family: times new roman,times;\">Pedagog\u00eda<\/span><\/td>\n\n\n\n\n<td width=\"151\"><span style=\"font-size: 10pt; font-family: times new roman,times;\">\u00a0Did\u00e1ctica General<\/span><\/td>\n\n\n\n\n<td width=\"123\"><span style=\"font-size: 10pt; font-family: times new roman,times;\"><a title=\"HISTORIA Y POL\u00cdTICA DE LA EDUCACI\u00d3N ARGENTINA\" href=\"upload\/Historia_y_Pol%EDtica_de_la_Educaci%F3n_Argentina_1.pdf\" target=\"_blank\" rel=\"noopener\">\u00a0Historia y Pol\u00edtica de la Educaci\u00f3n Argentina<\/a><\/span><\/td>\n\n\n\n\n<td colspan=\"2\" width=\"123\"><span style=\"font-size: 10pt; font-family: times new roman,times;\"><strong>Instituciones Educativas<\/strong><\/span><\/td>\n\n\n\n\n<td width=\"0\" height=\"58\"><\/td>\n\n\n<\/tr>\n\n\n\n\n<tr>\n\n\n<td colspan=\"2\" width=\"265\"><span style=\"font-size: 10pt; font-family: times new roman,times;\"><strong>\u00a0Pr\u00e1ctica Profesional Docente I<\/strong><\/span><\/td>\n\n\n\n\n<td colspan=\"3\" width=\"246\"><span style=\"font-size: 10pt; font-family: times new roman,times;\"><strong>Pr\u00e1ctica Profesional Docente II<\/strong><\/span><\/td>\n\n\n\n\n<td colspan=\"3\" width=\"265\"><span style=\"font-size: 10pt; font-family: times new roman,times;\"><strong>Pr\u00e1ctica Profesional Docente III<\/strong><\/span><\/td>\n\n\n\n\n<td width=\"0\" height=\"47\"><\/td>\n\n\n<\/tr>\n\n\n\n\n<tr>\n\n\n<td colspan=\"2\" width=\"265\"><span style=\"font-size: 10pt; font-family: times new roman,times;\">\u00a0ELECTIVAS<\/span><\/td>\n\n\n\n\n<td colspan=\"3\" width=\"246\"><span style=\"font-size: 10pt; font-family: times new roman,times;\">ELECTIVAS<\/span><\/td>\n\n\n\n\n<td colspan=\"3\" width=\"265\"><span style=\"font-size: 10pt; font-family: times new roman,times;\">ELECTIVAS<\/span><\/td>\n\n\n\n\n<td colspan=\"3\" width=\"236\"><span style=\"font-size: 10pt; font-family: times new roman,times;\">\u00a0ELECTIVAS<\/span><\/td>\n\n\n\n\n<td width=\"0\" height=\"31\"><\/td>\n\n\n<\/tr>\n\n\n<\/tbody>\n\n\n<\/table>\n\n\n--><\/p>\n<p>&#x1f4cc;<a href=\"https:\/\/ens9006-infd.mendoza.edu.ar\/sitio\/wp-content\/uploads\/2025\/08\/Profesorado-de-Educacion-Secundaria-en-Fisica.pdf\" target=\"_blank\" rel=\"noopener\">Descargar Plan de Estudios del Profesorado de F\u00edsica<\/a><\/p>\n","protected":false},"excerpt":{"rendered":"<p>&#x1f4cc;Descargar Plan de Estudios del Profesorado de F\u00edsica<\/p>\n","protected":false},"author":1400,"featured_media":0,"parent":0,"menu_order":0,"comment_status":"closed","ping_status":"closed","template":"","meta":[],"acf":[],"_links":{"self":[{"href":"https:\/\/ens9006-infd.mendoza.edu.ar\/sitio\/wp-json\/wp\/v2\/pages\/942"}],"collection":[{"href":"https:\/\/ens9006-infd.mendoza.edu.ar\/sitio\/wp-json\/wp\/v2\/pages"}],"about":[{"href":"https:\/\/ens9006-infd.mendoza.edu.ar\/sitio\/wp-json\/wp\/v2\/types\/page"}],"author":[{"embeddable":true,"href":"https:\/\/ens9006-infd.mendoza.edu.ar\/sitio\/wp-json\/wp\/v2\/users\/1400"}],"replies":[{"embeddable":true,"href":"https:\/\/ens9006-infd.mendoza.edu.ar\/sitio\/wp-json\/wp\/v2\/comments?post=942"}],"version-history":[{"count":4,"href":"https:\/\/ens9006-infd.mendoza.edu.ar\/sitio\/wp-json\/wp\/v2\/pages\/942\/revisions"}],"predecessor-version":[{"id":4449,"href":"https:\/\/ens9006-infd.mendoza.edu.ar\/sitio\/wp-json\/wp\/v2\/pages\/942\/revisions\/4449"}],"wp:attachment":[{"href":"https:\/\/ens9006-infd.mendoza.edu.ar\/sitio\/wp-json\/wp\/v2\/media?parent=942"}],"curies":[{"name":"wp","href":"https:\/\/api.w.org\/{rel}","templated":true}]}}